{"id":475,"date":"2025-10-01T14:56:30","date_gmt":"2025-10-01T14:56:30","guid":{"rendered":"http:\/\/centrale.ffsr.fr\/?page_id=475"},"modified":"2025-11-30T15:38:53","modified_gmt":"2025-11-30T14:38:53","slug":"modele","status":"publish","type":"page","link":"https:\/\/signalement.ffsr.fr\/","title":{"rendered":"SIGNALER UNE INCIVILITE"},"content":{"rendered":"\n<div class=\"wp-block-cover alignfull wp-duotone-094850-f9644e-1\" style=\"margin-top:0;padding-top:48px;padding-right:48px;padding-bottom:48px;padding-left:48px;min-height:66vh;aspect-ratio:unset;\"><img loading=\"lazy\" decoding=\"async\" width=\"885\" height=\"521\" class=\"wp-block-cover__image-background wp-image-1271 size-full\" alt=\"\" src=\"https:\/\/signalement.ffsr.fr\/wp-content\/uploads\/2025\/11\/FFSR-Signaler-une-incivilite-Foule-Stade-Rugby.jpg\" data-object-fit=\"cover\" srcset=\"https:\/\/signalement.ffsr.fr\/wp-content\/uploads\/2025\/11\/FFSR-Signaler-une-incivilite-Foule-Stade-Rugby.jpg 885w, https:\/\/signalement.ffsr.fr\/wp-content\/uploads\/2025\/11\/FFSR-Signaler-une-incivilite-Foule-Stade-Rugby-300x177.jpg 300w, https:\/\/signalement.ffsr.fr\/wp-content\/uploads\/2025\/11\/FFSR-Signaler-une-incivilite-Foule-Stade-Rugby-768x452.jpg 768w\" sizes=\"auto, (max-width: 885px) 100vw, 885px\" \/><span aria-hidden=\"true\" class=\"wp-block-cover__background has-background-dim-30 has-background-dim\" style=\"background-color:#7c7c7c\"><\/span><div class=\"wp-block-cover__inner-container is-layout-flow wp-block-cover-is-layout-flow\">\n<div class=\"wp-block-group has-global-padding is-content-justification-left is-layout-constrained wp-container-core-group-is-layout-0b562c1c wp-block-group-is-layout-constrained\">\n<h2 class=\"wp-block-heading has-text-align-left has-white-color has-text-color\" style=\"font-size:clamp(50.171px, 3.136rem + ((1vw - 3.2px) * 4.885), 100px);font-style:normal;font-weight:700;letter-spacing:0px;line-height:1;text-transform:uppercase\">SIGNALER<br>UNE INCIVILIT\u00c9<\/h2>\n<\/div>\n\n\n\n<div style=\"height:72px\" aria-hidden=\"true\" class=\"wp-block-spacer\"><\/div>\n\n\n\n<p>Avec la FFSR<\/p>\n<\/div><\/div>\n\n\n\n<div style=\"height:90px\" aria-hidden=\"true\" class=\"wp-block-spacer\"><\/div>\n\n\n\n<h2 class=\"wp-block-heading\"><strong>FORMULAIRE DE SIGNALEMENT<\/strong><\/h2>\n\n\n\n<div style=\"height:40px\" aria-hidden=\"true\" class=\"wp-block-spacer\"><\/div>\n\n\n\n<p>Vous \u00eates victime ou t\u00e9moin d\u2019une incivilit\u00e9 dans un stade de rugby ?<\/p>\n\n\n\n<div style=\"height:20px\" aria-hidden=\"true\" class=\"wp-block-spacer\"><\/div>\n\n\n\n<p><strong><mark style=\"background-color:rgba(0, 0, 0, 0)\" class=\"has-inline-color has-accent-2-color\">Signalez-la maintenant \u2b07\ufe0e <\/mark><\/strong><mark style=\"background-color:rgba(0, 0, 0, 0)\" class=\"has-inline-color has-contrast-color\">(en toute confidentialit\u00e9) !<\/mark><\/p>\n\n\n\n<div style=\"height:20px\" aria-hidden=\"true\" class=\"wp-block-spacer\"><\/div>\n\n\n\n<p>La FFSR oriente les signalements vers les bons interlocuteurs et suit l\u2019avanc\u00e9e des proc\u00e9dures (disciplinaires, p\u00e9nales, etc).<\/p>\n\n\n\n<div style=\"height:40px\" aria-hidden=\"true\" class=\"wp-block-spacer\"><\/div>\n\n\n<div class=\"wp-block-jetpack-contact-form\"><a href=\"https:\/\/signalement.ffsr.fr\/\" target=\"_blank\" rel=\"noopener noreferrer\">Soumettre un formulaire.<\/a><\/div>\n\n\n<div style=\"height:50px\" aria-hidden=\"true\" class=\"wp-block-spacer\"><\/div>\n\n\n\n<p><em><br><em>* <strong>identifiez-vous<\/strong> pour permettre le suivi de votre d\u00e9claration, mais votre identit\u00e9 sera trait\u00e9e de fa\u00e7on confidentielle. Toutes les informations partag\u00e9es dans ce contexte seront trait\u00e9es conform\u00e9ment \u00e0 la l\u00e9gislation applicable en France en mati\u00e8re de protection des donn\u00e9es priv\u00e9es. Ces donn\u00e9es ne sont accessibles qu\u2019aux responsables de leur gestion et de leur suivi, mais seront transmises aux clubs et instances concern\u00e9es.<\/em><\/em><\/p>\n\n\n\n<div style=\"height:90px\" aria-hidden=\"true\" class=\"wp-block-spacer\"><\/div>\n","protected":false},"excerpt":{"rendered":"<p>FORMULAIRE DE SIGNALEMENT Vous \u00eates victime ou t\u00e9moin d\u2019une incivilit\u00e9 dans un stade de rugby ? Signalez-la maintenant \u2b07\ufe0e (en toute confidentialit\u00e9) ! La FFSR oriente les signalements vers les bons interlocuteurs et suit l\u2019avanc\u00e9e des proc\u00e9dures (disciplinaires, p\u00e9nales, etc). * identifiez-vous pour permettre le suivi de votre d\u00e9claration, mais votre identit\u00e9 sera trait\u00e9e de [&hellip;]<\/p>\n","protected":false},"author":1,"featured_media":1271,"parent":0,"menu_order":0,"comment_status":"closed","ping_status":"closed","template":"","meta":{"footnotes":""},"class_list":["post-475","page","type-page","status-publish","has-post-thumbnail","hentry"],"jetpack_sharing_enabled":true,"_links":{"self":[{"href":"https:\/\/signalement.ffsr.fr\/index.php\/wp-json\/wp\/v2\/pages\/475","targetHints":{"allow":["GET"]}}],"collection":[{"href":"https:\/\/signalement.ffsr.fr\/index.php\/wp-json\/wp\/v2\/pages"}],"about":[{"href":"https:\/\/signalement.ffsr.fr\/index.php\/wp-json\/wp\/v2\/types\/page"}],"author":[{"embeddable":true,"href":"https:\/\/signalement.ffsr.fr\/index.php\/wp-json\/wp\/v2\/users\/1"}],"replies":[{"embeddable":true,"href":"https:\/\/signalement.ffsr.fr\/index.php\/wp-json\/wp\/v2\/comments?post=475"}],"version-history":[{"count":63,"href":"https:\/\/signalement.ffsr.fr\/index.php\/wp-json\/wp\/v2\/pages\/475\/revisions"}],"predecessor-version":[{"id":1370,"href":"https:\/\/signalement.ffsr.fr\/index.php\/wp-json\/wp\/v2\/pages\/475\/revisions\/1370"}],"wp:featuredmedia":[{"embeddable":true,"href":"https:\/\/signalement.ffsr.fr\/index.php\/wp-json\/wp\/v2\/media\/1271"}],"wp:attachment":[{"href":"https:\/\/signalement.ffsr.fr\/index.php\/wp-json\/wp\/v2\/media?parent=475"}],"curies":[{"name":"wp","href":"https:\/\/api.w.org\/{rel}","templated":true}]}}