{"id":3,"date":"2025-11-24T21:36:44","date_gmt":"2025-11-24T21:36:44","guid":{"rendered":"http:\/\/signalement.ffsr.fr\/?page_id=3"},"modified":"2025-11-30T11:28:59","modified_gmt":"2025-11-30T10:28:59","slug":"mentions-legales","status":"publish","type":"page","link":"https:\/\/signalement.ffsr.fr\/index.php\/mentions-legales\/","title":{"rendered":"MENTIONS LEGALES"},"content":{"rendered":"\n<p><strong>1. \u00c9diteur du site<\/strong><\/p>\n\n\n\n<p>F\u00e9d\u00e9ration Fran\u00e7aise des Supporters de Rugby (FFSR)<br>Forme juridique : Association loi 1901<br>Adresse du si\u00e8ge social : FFSR \/ Le Rugby Club 165 Bd Hausmmann 75008 Paris, France<br>Immatriculation : RNA n\u00b0W632000310<br>Directeur de la publication : Mr Franck Lemann<\/p>\n\n\n\n<div style=\"height:20px\" aria-hidden=\"true\" class=\"wp-block-spacer\"><\/div>\n\n\n\n<p><strong>2. H\u00e9bergement<\/strong><\/p>\n\n\n\n<p>H\u00e9bergeur : OVH SAS<br>2, rue Kellermann<br>59100 Roubaix \u2013 France<\/p>\n\n\n\n<div style=\"height:20px\" aria-hidden=\"true\" class=\"wp-block-spacer\"><\/div>\n\n\n\n<p><strong>3. Propri\u00e9t\u00e9 intellectuelle<\/strong><\/p>\n\n\n\n<p>L\u2019ensemble du contenu du site (textes, images, graphismes, logo, ic\u00f4nes, sons, logiciels, etc.) est la propri\u00e9t\u00e9 exclusive de la FFSR, sauf mention contraire. Toute reproduction, distribution, modification, adaptation, retransmission ou publication, m\u00eame partielle, est strictement interdite sans l\u2019accord \u00e9crit pr\u00e9alable de la FFSR.<\/p>\n\n\n\n<div style=\"height:20px\" aria-hidden=\"true\" class=\"wp-block-spacer\"><\/div>\n\n\n\n<p><strong>4. Donn\u00e9es personnelles (RGPD)<\/strong><\/p>\n\n\n\n<p>Les informations recueillies via les formulaires du site font l\u2019objet d\u2019un traitement informatis\u00e9 destin\u00e9 \u00e0 la communication interne avec les adh\u00e9rents FFSR. Conform\u00e9ment au R\u00e8glement G\u00e9n\u00e9ral sur la Protection des Donn\u00e9es (RGPD \u2013 UE 2016\/679), vous disposez d\u2019un droit d\u2019acc\u00e8s, de rectification, d\u2019effacement et d\u2019opposition \u00e0 vos donn\u00e9es personnelles.<br>Pour exercer ce droit, contactez : c o n t a c t ( a t ) f f s r ( p o i n t ) f r<\/p>\n\n\n\n<div style=\"height:20px\" aria-hidden=\"true\" class=\"wp-block-spacer\"><\/div>\n\n\n\n<p><strong>5. Cookies<\/strong><\/p>\n\n\n\n<p>Le site peut \u00eatre amen\u00e9 \u00e0 d\u00e9poser des cookies sur votre terminal pour am\u00e9liorer l\u2019exp\u00e9rience utilisateur, mesurer l\u2019audience ou permettre certaines fonctionnalit\u00e9s. Vous pouvez param\u00e9trer ou refuser ces cookies via votre navigateur.<\/p>\n\n\n\n<div style=\"height:20px\" aria-hidden=\"true\" class=\"wp-block-spacer\"><\/div>\n\n\n\n<p><strong>6. Responsabilit\u00e9<\/strong><\/p>\n\n\n\n<p>L\u2019\u00e9diteur du site ne saurait \u00eatre tenu responsable des erreurs ou omissions pr\u00e9sentes sur le site, ni des dommages directs ou indirects pouvant r\u00e9sulter de son utilisation.<\/p>\n\n\n\n<div style=\"height:20px\" aria-hidden=\"true\" class=\"wp-block-spacer\"><\/div>\n\n\n\n<p><strong>7. Droit applicable<\/strong><\/p>\n\n\n\n<p>Le pr\u00e9sent site est soumis au droit fran\u00e7ais. En cas de litige, les tribunaux comp\u00e9tents seront ceux du ressort du si\u00e8ge social de l\u2019\u00e9diteur.<\/p>\n\n\n\n<div style=\"height:25px\" aria-hidden=\"true\" class=\"wp-block-spacer\"><\/div>\n\n\n\n<hr class=\"wp-block-separator has-alpha-channel-opacity\"\/>\n\n\n\n<div style=\"height:25px\" aria-hidden=\"true\" class=\"wp-block-spacer\"><\/div>\n\n\n\n<h2 class=\"wp-block-heading has-xx-large-font-size\"><strong>La charte du supporter de rugby<\/strong><\/h2>\n\n\n\n<div style=\"height:20px\" aria-hidden=\"true\" class=\"wp-block-spacer\"><\/div>\n\n\n\n<p>Notre sport, le rugby, v\u00e9hicule des valeurs qui lui sont propres tels que le respect d\u2019autrui, la solidarit\u00e9 et la convivialit\u00e9. Ces valeurs sont un patrimoine, un h\u00e9ritage \u00e0 pr\u00e9server et \u00e0 transmettre.<\/p>\n\n\n\n<div style=\"height:20px\" aria-hidden=\"true\" class=\"wp-block-spacer\"><\/div>\n\n\n\n<p>Ainsi les Associations se doivent de faire de chaque rencontre un moment privil\u00e9gi\u00e9, une f\u00eate, quel qu\u2019en soit l\u2019importance et l\u2019enjeu. Les Associations de Supporters ont pour but de soutenir, d\u2019encourager l\u2019\u00e9quipe et les joueurs, d\u2019aider le club dans les bons comme dans les mauvais moments, de promouvoir et diffuser les valeurs du rugby par tous les moyens \u00e0 leur disposition.<\/p>\n\n\n\n<div style=\"height:20px\" aria-hidden=\"true\" class=\"wp-block-spacer\"><\/div>\n\n\n\n<p style=\"text-decoration:underline\">A domicile:<\/p>\n\n\n\n<p>Les supporters adverses ont fait un long chemin pour soutenir leur \u00e9quipe, aussi le supporter se doit de:<\/p>\n\n\n\n<p>Recevoir amicalement les supporters, avant le match si c\u2019est possible. Leur faciliter l\u2019acc\u00e8s aux tribunes.<\/p>\n\n\n\n<p>Durant le match les laisser s\u2019exprimer, soutenir leur \u00e9quipe<br>Partager avec eux un verre de l\u2019amiti\u00e9, passer une 3eme mi temps comme seul notre sport en a le secret.<\/p>\n\n\n\n<div style=\"height:20px\" aria-hidden=\"true\" class=\"wp-block-spacer\"><\/div>\n\n\n\n<p style=\"text-decoration:underline\">En d\u00e9placement:<\/p>\n\n\n\n<p>C\u2019est en nous montrant sous notre meilleur jour que les supporters adverses comprendront que nous sommes de vrais amateurs de rugby, allons au devant d\u2019eux, n\u2019h\u00e9sitons pas \u00e0 nous m\u00e9langer, nous ne sommes pas au menu !<\/p>\n\n\n\n<div style=\"height:20px\" aria-hidden=\"true\" class=\"wp-block-spacer\"><\/div>\n\n\n\n<p>Rappelons nous que la 3\u00e9me mi-temps c\u2019est apr\u00e8s le match, n\u2019arrivons pas titubants face aux amis qui nous re\u00e7oivent.<\/p>\n\n\n\n<div style=\"height:20px\" aria-hidden=\"true\" class=\"wp-block-spacer\"><\/div>\n\n\n\n<p>Chanter, faire du bruit, respecter les 2 \u00e9quipes, faire la f\u00eate doivent \u00eatre notre credo quelque soit la fatigue, le temps qu\u2019il a fait ou m\u00eame le r\u00e9sultat du match.<\/p>\n\n\n\n<div style=\"height:69px\" aria-hidden=\"true\" class=\"wp-block-spacer\"><\/div>\n","protected":false},"excerpt":{"rendered":"<p>1. \u00c9diteur du site F\u00e9d\u00e9ration Fran\u00e7aise des Supporters de Rugby (FFSR)Forme juridique : Association loi 1901Adresse du si\u00e8ge social : FFSR \/ Le Rugby Club 165 Bd Hausmmann 75008 Paris, FranceImmatriculation : RNA n\u00b0W632000310Directeur de la publication : Mr Franck Lemann 2. H\u00e9bergement H\u00e9bergeur : OVH SAS2, rue Kellermann59100 Roubaix \u2013 France 3. Propri\u00e9t\u00e9 intellectuelle [&hellip;]<\/p>\n","protected":false},"author":1,"featured_media":0,"parent":0,"menu_order":0,"comment_status":"closed","ping_status":"open","template":"","meta":{"footnotes":""},"class_list":["post-3","page","type-page","status-publish","hentry"],"jetpack_sharing_enabled":true,"_links":{"self":[{"href":"https:\/\/signalement.ffsr.fr\/index.php\/wp-json\/wp\/v2\/pages\/3","targetHints":{"allow":["GET"]}}],"collection":[{"href":"https:\/\/signalement.ffsr.fr\/index.php\/wp-json\/wp\/v2\/pages"}],"about":[{"href":"https:\/\/signalement.ffsr.fr\/index.php\/wp-json\/wp\/v2\/types\/page"}],"author":[{"embeddable":true,"href":"https:\/\/signalement.ffsr.fr\/index.php\/wp-json\/wp\/v2\/users\/1"}],"replies":[{"embeddable":true,"href":"https:\/\/signalement.ffsr.fr\/index.php\/wp-json\/wp\/v2\/comments?post=3"}],"version-history":[{"count":3,"href":"https:\/\/signalement.ffsr.fr\/index.php\/wp-json\/wp\/v2\/pages\/3\/revisions"}],"predecessor-version":[{"id":1345,"href":"https:\/\/signalement.ffsr.fr\/index.php\/wp-json\/wp\/v2\/pages\/3\/revisions\/1345"}],"wp:attachment":[{"href":"https:\/\/signalement.ffsr.fr\/index.php\/wp-json\/wp\/v2\/media?parent=3"}],"curies":[{"name":"wp","href":"https:\/\/api.w.org\/{rel}","templated":true}]}}